{"id":335,"date":"2019-03-17T18:22:22","date_gmt":"2019-03-17T18:22:22","guid":{"rendered":"http:\/\/nicola-vongerichten.de\/?page_id=335"},"modified":"2019-03-17T18:27:15","modified_gmt":"2019-03-17T18:27:15","slug":"impressum","status":"publish","type":"page","link":"https:\/\/nicola-vongerichten.de\/?page_id=335","title":{"rendered":"Impressum"},"content":{"rendered":"\n<p><strong>Angaben gem\u00e4\u00df \u00a7 5 TMG<\/strong><\/p>\n\n\n\n<p>Nicola Vongerichten \n<\/p>\n\n\n\n<p>Photography \n<\/p>\n\n\n\n<p>Br\u00fchlfahrt 3 \n<\/p>\n\n\n\n<p>76877 Offenbach<\/p>\n\n\n\n<p><strong>Kontakt<\/strong><\/p>\n\n\n\n<p>Telefon: +49 (0) 160 6463934<\/p>\n\n\n\n<p>E-Mail: info (at)\nnicola-vongerichten.de<\/p>\n\n\n\n<p><strong>Streitschlichtung<\/strong><\/p>\n\n\n\n<p>Die Europ\u00e4ische Kommission stellt eine Plattform zur Online-Streitbeilegung (OS) bereit:<\/p>\n\n\n\n<p class=\"has-small-font-size\"> https:\/\/ec.europa.eu\/consumers\/odr.  <\/p>\n\n\n\n<p>Unsere E-Mail-Adresse finden Sie oben\nim Impressum.<\/p>\n\n\n\n<p>Wir sind nicht bereit oder\nverpflichtet, an Streitbeilegungsverfahren vor einer\nVerbraucherschlichtungsstelle teilzunehmen.<\/p>\n\n\n\n<p><strong>Haftung f\u00fcr Inhalte<\/strong><\/p>\n\n\n\n<p>Als Diensteanbieter sind wir gem\u00e4\u00df \u00a7\n7 Abs.1 TMG f\u00fcr eigene Inhalte auf diesen Seiten nach den\nallgemeinen Gesetzen verantwortlich. Nach \u00a7\u00a7 8 bis 10 TMG sind wir\nals Diensteanbieter jedoch nicht verpflichtet, \u00fcbermittelte oder\ngespeicherte fremde Informationen zu \u00fcberwachen oder nach Umst\u00e4nden\nzu forschen, die auf eine rechtswidrige T\u00e4tigkeit hinweisen.<\/p>\n\n\n\n<p>Verpflichtungen zur Entfernung oder\nSperrung der Nutzung von Informationen nach den allgemeinen Gesetzen\nbleiben hiervon unber\u00fchrt. Eine diesbez\u00fcgliche Haftung ist jedoch\nerst ab dem Zeitpunkt der Kenntnis einer konkreten Rechtsverletzung\nm\u00f6glich. Bei Bekanntwerden von entsprechenden Rechtsverletzungen\nwerden wir diese Inhalte umgehend entfernen.<\/p>\n\n\n\n<p><strong>Haftung f\u00fcr Links<\/strong><\/p>\n\n\n\n<p>Unser Angebot enth\u00e4lt Links zu\nexternen Websites Dritter, auf deren Inhalte wir keinen Einfluss\nhaben. Deshalb k\u00f6nnen wir f\u00fcr diese fremden Inhalte auch keine\nGew\u00e4hr \u00fcbernehmen. F\u00fcr die Inhalte der verlinkten Seiten ist stets\nder jeweilige Anbieter oder Betreiber der Seiten verantwortlich. Die\nverlinkten Seiten wurden zum Zeitpunkt der Verlinkung auf m\u00f6gliche\nRechtsverst\u00f6\u00dfe \u00fcberpr\u00fcft. Rechtswidrige Inhalte waren zum\nZeitpunkt der Verlinkung nicht erkennbar.<\/p>\n\n\n\n<p>Eine permanente inhaltliche Kontrolle\nder verlinkten Seiten ist jedoch ohne konkrete Anhaltspunkte einer\nRechtsverletzung nicht zumutbar. Bei Bekanntwerden von\nRechtsverletzungen werden wir derartige Links umgehend entfernen.<\/p>\n\n\n\n<p><strong>Urheberrecht<\/strong><\/p>\n\n\n\n<p>Die durch die Seitenbetreiber\nerstellten Inhalte und Werke auf diesen Seiten unterliegen dem\ndeutschen Urheberrecht. Die Vervielf\u00e4ltigung, Bearbeitung,\nVerbreitung und jede Art der Verwertung au\u00dferhalb der Grenzen des\nUrheberrechtes bed\u00fcrfen der schriftlichen Zustimmung des jeweiligen\nAutors bzw. Erstellers. Downloads und Kopien dieser Seite sind nur\nf\u00fcr den privaten, nicht kommerziellen Gebrauch gestattet.<\/p>\n\n\n\n<p>Soweit die Inhalte auf dieser Seite\nnicht vom Betreiber erstellt wurden, werden die Urheberrechte Dritter\nbeachtet. Insbesondere werden Inhalte Dritter als solche\ngekennzeichnet. Sollten Sie trotzdem auf eine Urheberrechtsverletzung\naufmerksam werden, bitten wir um einen entsprechenden Hinweis. Bei\nBekanntwerden von Rechtsverletzungen werden wir derartige Inhalte\numgehend entfernen.<\/p>\n\n\n\n<p>Quelle: \n<\/p>\n\n\n\n<figure class=\"wp-block-embed\"><div class=\"wp-block-embed__wrapper\">\nhttps:\/\/www.e-recht24.de\n<\/div><\/figure>\n","protected":false},"excerpt":{"rendered":"<p>Angaben gem\u00e4\u00df \u00a7 5 TMG Nicola Vongerichten Photography Br\u00fchlfahrt 3 76877 Offenbach Kontakt Telefon: +49 (0) 160 6463934 E-Mail: info (at) nicola-vongerichten.de Streitschlichtung Die Europ\u00e4ische Kommission stellt eine Plattform zur Online-Streitbeilegung (OS) bereit: https:\/\/ec.europa.eu\/consumers\/odr. Unsere E-Mail-Adresse finden Sie oben im Impressum. Wir sind nicht bereit oder verpflichtet, an Streitbeilegungsverfahren vor einer Verbraucherschlichtungsstelle teilzunehmen. Haftung f\u00fcr [&hellip;]<\/p>\n","protected":false},"author":1,"featured_media":0,"parent":0,"menu_order":0,"comment_status":"closed","ping_status":"closed","template":"","meta":{"ngg_post_thumbnail":0},"aioseo_notices":[],"_links":{"self":[{"href":"https:\/\/nicola-vongerichten.de\/index.php?rest_route=\/wp\/v2\/pages\/335"}],"collection":[{"href":"https:\/\/nicola-vongerichten.de\/index.php?rest_route=\/wp\/v2\/pages"}],"about":[{"href":"https:\/\/nicola-vongerichten.de\/index.php?rest_route=\/wp\/v2\/types\/page"}],"author":[{"embeddable":true,"href":"https:\/\/nicola-vongerichten.de\/index.php?rest_route=\/wp\/v2\/users\/1"}],"replies":[{"embeddable":true,"href":"https:\/\/nicola-vongerichten.de\/index.php?rest_route=%2Fwp%2Fv2%2Fcomments&post=335"}],"version-history":[{"count":4,"href":"https:\/\/nicola-vongerichten.de\/index.php?rest_route=\/wp\/v2\/pages\/335\/revisions"}],"predecessor-version":[{"id":340,"href":"https:\/\/nicola-vongerichten.de\/index.php?rest_route=\/wp\/v2\/pages\/335\/revisions\/340"}],"wp:attachment":[{"href":"https:\/\/nicola-vongerichten.de\/index.php?rest_route=%2Fwp%2Fv2%2Fmedia&parent=335"}],"curies":[{"name":"wp","href":"https:\/\/api.w.org\/{rel}","templated":true}]}}