{"id":341,"date":"2019-03-17T19:03:00","date_gmt":"2019-03-17T19:03:00","guid":{"rendered":"http:\/\/nicola-vongerichten.de\/?page_id=341"},"modified":"2019-03-17T19:03:00","modified_gmt":"2019-03-17T19:03:00","slug":"datenschutzerklaerung","status":"publish","type":"page","link":"https:\/\/nicola-vongerichten.de\/?page_id=341","title":{"rendered":"Datenschutzerkl\u00e4rung"},"content":{"rendered":"\n<p class=\"has-small-font-size\"><strong>Datenschutzerkl\u00e4rung<\/strong><\/p>\n\n\n\n<p><strong>1. Datenschutz auf einen Blick<\/strong><\/p>\n\n\n\n<p><strong>Allgemeine Hinweise<\/strong><\/p>\n\n\n\n<p>Die folgenden Hinweise geben einen\neinfachen \u00dcberblick dar\u00fcber, was mit Ihren personenbezogenen Daten\npassiert, wenn Sie unsere Website besuchen. Personenbezogene Daten\nsind alle Daten, mit denen Sie pers\u00f6nlich identifiziert werden\nk\u00f6nnen. Ausf\u00fchrliche Informationen zum Thema Datenschutz entnehmen\nSie unserer unter diesem Text aufgef\u00fchrten Datenschutzerkl\u00e4rung.<\/p>\n\n\n\n<p><strong>Datenerfassung auf unserer Website<\/strong><\/p>\n\n\n\n<p><strong>Wer ist verantwortlich f\u00fcr die\nDatenerfassung auf dieser Website?<\/strong><\/p>\n\n\n\n<p>Die Datenverarbeitung auf dieser\nWebsite erfolgt durch den Websitebetreiber. Dessen Kontaktdaten\nk\u00f6nnen Sie dem Impressum dieser Website entnehmen.<\/p>\n\n\n\n<p><strong>Wie erfassen wir Ihre Daten?<\/strong><\/p>\n\n\n\n<p>Ihre Daten werden zum einen dadurch\nerhoben, dass Sie uns diese mitteilen. Hierbei kann es sich z. B. um\nDaten handeln, die Sie in ein Kontaktformular eingeben.<\/p>\n\n\n\n<p>Andere Daten werden automatisch beim\nBesuch der Website durch unsere IT-Systeme erfasst. Das sind vor\nallem technische Daten (z. B. Internetbrowser, Betriebssystem oder\nUhrzeit des Seitenaufrufs). Die Erfassung dieser Daten erfolgt\nautomatisch, sobald Sie unsere Website betreten.<\/p>\n\n\n\n<p><strong>Wof\u00fcr nutzen wir Ihre Daten?<\/strong><\/p>\n\n\n\n<p>Ein Teil der Daten wird erhoben, um\neine fehlerfreie Bereitstellung der Website zu gew\u00e4hrleisten. Andere\nDaten k\u00f6nnen zur Analyse Ihres Nutzerverhaltens verwendet werden.<\/p>\n\n\n\n<p><strong>Welche Rechte haben Sie bez\u00fcglich\nIhrer Daten?<\/strong><\/p>\n\n\n\n<p>Sie haben jederzeit das Recht\nunentgeltlich Auskunft \u00fcber Herkunft, Empf\u00e4nger und Zweck Ihrer\ngespeicherten personenbezogenen Daten zu erhalten. Sie haben au\u00dferdem\nein Recht, die Berichtigung, Sperrung oder L\u00f6schung dieser Daten zu\nverlangen. Hierzu sowie zu weiteren Fragen zum Thema Datenschutz\nk\u00f6nnen Sie sich jederzeit unter der im Impressum angegebenen Adresse\nan uns wenden. Des Weiteren steht Ihnen ein Beschwerderecht bei der\nzust\u00e4ndigen Aufsichtsbeh\u00f6rde zu.<\/p>\n\n\n\n<p>Au\u00dferdem haben Sie das Recht, unter\nbestimmten Umst\u00e4nden die Einschr\u00e4nkung der Verarbeitung Ihrer\npersonenbezogenen Daten zu verlangen. Details hierzu entnehmen Sie\nder Datenschutzerkl\u00e4rung unter \u201eRecht auf Einschr\u00e4nkung der\nVerarbeitung\u201c.<\/p>\n\n\n\n<p><strong>Analyse-Tools und Tools von\nDrittanbietern<\/strong><\/p>\n\n\n\n<p>Beim Besuch unserer Website kann Ihr\nSurf-Verhalten statistisch ausgewertet werden. Das geschieht vor\nallem mit Cookies und mit sogenannten Analyseprogrammen. Die Analyse\nIhres Surf-Verhaltens erfolgt in der Regel anonym; das Surf-Verhalten\nkann nicht zu Ihnen zur\u00fcckverfolgt werden.<\/p>\n\n\n\n<p>Sie k\u00f6nnen dieser Analyse\nwidersprechen oder sie durch die Nichtbenutzung bestimmter Tools\nverhindern. Detaillierte Informationen zu diesen Tools und \u00fcber Ihre\nWiderspruchsm\u00f6glichkeiten finden Sie in der folgenden\nDatenschutzerkl\u00e4rung. \n<\/p>\n\n\n\n<p><strong>2. Allgemeine Hinweise und\nPflichtinformationen<\/strong><\/p>\n\n\n\n<p><strong>Datenschutz<\/strong><\/p>\n\n\n\n<p>Die Betreiber dieser Seiten nehmen den\nSchutz Ihrer pers\u00f6nlichen Daten sehr ernst. Wir behandeln Ihre\npersonenbezogenen Daten vertraulich und entsprechend der gesetzlichen\nDatenschutzvorschriften sowie dieser Datenschutzerkl\u00e4rung.<\/p>\n\n\n\n<p>Wenn Sie diese Website benutzen, werden\nverschiedene personenbezogene Daten erhoben. Personenbezogene Daten\nsind Daten, mit denen Sie pers\u00f6nlich identifiziert werden k\u00f6nnen.\nDie vorliegende Datenschutzerkl\u00e4rung erl\u00e4utert, welche Daten wir\nerheben und wof\u00fcr wir sie nutzen. Sie erl\u00e4utert auch, wie und zu\nwelchem Zweck das geschieht.<\/p>\n\n\n\n<p>Wir weisen darauf hin, dass die\nDaten\u00fcbertragung im Internet (z. B. bei der Kommunikation per\nE-Mail) Sicherheitsl\u00fccken aufweisen kann. Ein l\u00fcckenloser Schutz\nder Daten vor dem Zugriff durch Dritte ist nicht m\u00f6glich.<\/p>\n\n\n\n<p><strong>Hinweis zur verantwortlichen Stelle<\/strong><\/p>\n\n\n\n<p>Die verantwortliche Stelle f\u00fcr die\nDatenverarbeitung auf dieser Website ist:<\/p>\n\n\n\n<p>Nicola Vongerichten Photography<\/p>\n\n\n\n<p>Br\u00fchlfahrt 3<\/p>\n\n\n\n<p>76877 Offenbach<\/p>\n\n\n\n<p>Telefon: +49 (0) 160 6463934<\/p>\n\n\n\n<p>E-Mail: info (at)\nnicola-vongerichten.de<\/p>\n\n\n\n<p>Verantwortliche Stelle ist die\nnat\u00fcrliche oder juristische Person, die allein oder gemeinsam mit\nanderen \u00fcber die Zwecke und Mittel der Verarbeitung von\npersonenbezogenen Daten (z. B. Namen, E-Mail-Adressen o. \u00c4.)\nentscheidet.<\/p>\n\n\n\n<p><strong>Widerruf Ihrer Einwilligung zur\nDatenverarbeitung<\/strong><\/p>\n\n\n\n<p>Viele Datenverarbeitungsvorg\u00e4nge sind\nnur mit Ihrer ausdr\u00fccklichen Einwilligung m\u00f6glich. Sie k\u00f6nnen eine\nbereits erteilte Einwilligung jederzeit widerrufen. Dazu reicht eine\nformlose Mitteilung per E-Mail an uns. Die Rechtm\u00e4\u00dfigkeit der bis\nzum Widerruf erfolgten Datenverarbeitung bleibt vom Widerruf\nunber\u00fchrt.<\/p>\n\n\n\n<p><strong>Widerspruchsrecht gegen die\nDatenerhebung in besonderen F\u00e4llen sowie gegen Direktwerbung (Art.\n21 DSGVO)<\/strong><\/p>\n\n\n\n<p><strong>Wenn die Datenverarbeitung auf\nGrundlage von Art. 6 Abs. 1 lit. e oder f DSGVO erfolgt, haben Sie\njederzeit das Recht, aus Gr\u00fcnden, die sich aus Ihrer besonderen\nSituation ergeben, gegen die Verarbeitung Ihrer personenbezogenen\nDaten Widerspruch einzulegen; dies gilt auch f\u00fcr ein auf diese\nBestimmungen gest\u00fctztes Profiling. Die jeweilige Rechtsgrundlage,\nauf denen eine Verarbeitung beruht, entnehmen Sie dieser\nDatenschutzerkl\u00e4rung. Wenn Sie Widerspruch einlegen, werden wir Ihre\nbetroffenen personenbezogenen Daten nicht mehr verarbeiten, es sei\ndenn, wir k\u00f6nnen zwingende schutzw\u00fcrdige Gr\u00fcnde f\u00fcr die\nVerarbeitung nachweisen, die Ihre Interessen, Rechte und Freiheiten\n\u00fcberwiegen oder die Verarbeitung dient der Geltendmachung, Aus\u00fcbung\noder Verteidigung von Rechtsanspr\u00fcchen (Widerspruch nach Art. 21\nAbs. 1 DSGVO).<\/strong><\/p>\n\n\n\n<p><strong>Werden Ihre personenbezogenen Daten\nverarbeitet, um Direktwerbung zu betreiben, so haben Sie das Recht,\njederzeit Widerspruch gegen die Verarbeitung Sie betreffender\npersonenbezogener Daten zum Zwecke derartiger Werbung einzulegen;\ndies gilt auch f\u00fcr das Profiling, soweit es mit solcher\nDirektwerbung in Verbindung steht. Wenn Sie widersprechen, werden\nIhre personenbezogenen Daten anschlie\u00dfend nicht mehr zum Zwecke der\nDirektwerbung verwendet (Widerspruch nach Art. 21 Abs. 2 DSGVO).<\/strong><\/p>\n\n\n\n<p><strong>Beschwerderecht bei der zust\u00e4ndigen\nAufsichtsbeh\u00f6rde<\/strong><\/p>\n\n\n\n<p>Im Falle von Verst\u00f6\u00dfen gegen die\nDSGVO steht den Betroffenen ein Beschwerderecht bei einer\nAufsichtsbeh\u00f6rde, insbesondere in dem Mitgliedstaat ihres\ngew\u00f6hnlichen Aufenthalts, ihres Arbeitsplatzes oder des Orts des\nmutma\u00dflichen Versto\u00dfes zu. Das Beschwerderecht besteht unbeschadet\nanderweitiger verwaltungsrechtlicher oder gerichtlicher\nRechtsbehelfe.<\/p>\n\n\n\n<p> <strong>Recht auf Daten\u00fcbertragbarkeit<\/strong><\/p>\n\n\n\n<p>Sie haben das Recht, Daten, die wir auf\nGrundlage Ihrer Einwilligung oder in Erf\u00fcllung eines Vertrags\nautomatisiert verarbeiten, an sich oder an einen Dritten in einem\ng\u00e4ngigen, maschinenlesbaren Format aush\u00e4ndigen zu lassen. Sofern\nSie die direkte \u00dcbertragung der Daten an einen anderen\nVerantwortlichen verlangen, erfolgt dies nur, soweit es technisch\nmachbar ist.<\/p>\n\n\n\n<p><strong>SSL- bzw. TLS-Verschl\u00fcsselung<\/strong><\/p>\n\n\n\n<p>Diese Seite nutzt aus\nSicherheitsgr\u00fcnden und zum Schutz der \u00dcbertragung vertraulicher\nInhalte, wie zum Beispiel Bestellungen oder Anfragen, die Sie an uns\nals Seitenbetreiber senden, eine SSL-bzw. TLSVerschl\u00fcsselung. Eine\nverschl\u00fcsselte Verbindung erkennen Sie daran, dass die Adresszeile\ndes Browsers von \u201ehttp:\/\/\u201c auf \u201ehttps:\/\/\u201c wechselt und an dem\nSchloss-Symbol in Ihrer Browserzeile.<\/p>\n\n\n\n<p>Wenn die SSL- bzw. TLS-Verschl\u00fcsselung\naktiviert ist, k\u00f6nnen die Daten, die Sie an uns \u00fcbermitteln, nicht\nvon Dritten mitgelesen werden.<\/p>\n\n\n\n<p><strong>Auskunft, Sperrung, L\u00f6schung und\nBerichtigung<\/strong><\/p>\n\n\n\n<p>Sie haben im Rahmen der geltenden\ngesetzlichen Bestimmungen jederzeit das Recht auf unentgeltliche\nAuskunft \u00fcber Ihre gespeicherten personenbezogenen Daten, deren\nHerkunft und Empf\u00e4nger und den Zweck der Datenverarbeitung und ggf.\nein Recht auf Berichtigung, Sperrung oder L\u00f6schung dieser Daten.\nHierzu sowie zu weiteren Fragen zum Thema personenbezogene Daten\nk\u00f6nnen Sie sich jederzeit unter der im Impressum angegebenen Adresse\nan uns wenden.<\/p>\n\n\n\n<p><strong>Recht auf Einschr\u00e4nkung der\nVerarbeitung<\/strong><\/p>\n\n\n\n<p>Sie haben das Recht, die Einschr\u00e4nkung\nder Verarbeitung Ihrer personenbezogenen Daten zu verlangen. Hierzu\nk\u00f6nnen Sie sich jederzeit unter der im Impressum angegebenen Adresse\nan uns wenden. Das Recht auf Einschr\u00e4nkung der Verarbeitung besteht\nin folgenden F\u00e4llen:<\/p>\n\n\n\n<p style=\"text-align:left\">&#8211; Wenn Sie die Richtigkeit Ihrer bei\nuns gespeicherten personenbezogenen Daten bestreiten, ben\u00f6tigen wir\nin der Regel Zeit, um dies zu \u00fcberpr\u00fcfen. F\u00fcr die Dauer der\nPr\u00fcfung haben Sie das Recht, die Einschr\u00e4nkung der Verarbeitung\nIhrer personenbezogenen Daten zu verlangen. \n<\/p>\n\n\n\n<p>&#8211; Wenn die Verarbeitung Ihrer\npersonenbezogenen Daten unrechtm\u00e4\u00dfig geschah\/geschieht, k\u00f6nnen Sie\nstatt der L\u00f6schung die Einschr\u00e4nkung der Datenverarbeitung\nverlangen. \n<\/p>\n\n\n\n<p>&#8211; Wenn wir Ihre personenbezogenen Daten\nnicht mehr ben\u00f6tigen, Sie sie jedoch zur Aus\u00fcbung, Verteidigung\noder Geltendmachung von Rechtsanspr\u00fcchen ben\u00f6tigen, haben Sie das\nRecht, statt der L\u00f6schung die Einschr\u00e4nkung der Verarbeitung Ihrer\npersonenbezogenen Daten zu verlangen. \n<\/p>\n\n\n\n<p>&#8211; Wenn Sie einen Widerspruch nach Art.\n21 Abs. 1 DSGVO eingelegt haben, muss eine Abw\u00e4gung zwischen Ihren\nund unseren Interessen vorgenommen werden. Solange noch nicht\nfeststeht, wessen Interessen \u00fcberwiegen, haben Sie das Recht, die\nEinschr\u00e4nkung der Verarbeitung Ihrer personenbezogenen Daten zu\nverlangen.<\/p>\n\n\n\n<p>Wenn Sie die Verarbeitung Ihrer\npersonenbezogenen Daten eingeschr\u00e4nkt haben, d\u00fcrfen diese Daten \u2013\nvon ihrer Speicherung abgesehen \u2013 nur mit Ihrer Einwilligung oder\nzur Geltendmachung, Aus\u00fcbung oder Verteidigung von Rechtsanspr\u00fcchen\noder zum Schutz der Rechte einer anderen nat\u00fcrlichen oder\njuristischen Person oder aus Gr\u00fcnden eines wichtigen \u00f6ffentlichen\nInteresses der Europ\u00e4ischen Union oder eines Mitgliedstaats\nverarbeitet werden.<\/p>\n\n\n\n<p><strong>Widerspruch gegen Werbe-E-Mails<\/strong><\/p>\n\n\n\n<p>Der Nutzung von im Rahmen der\nImpressumspflicht ver\u00f6ffentlichten Kontaktdaten zur \u00dcbersendung von\nnicht ausdr\u00fccklich angeforderter Werbung und Informationsmaterialien\nwird hiermit widersprochen. Die Betreiber der Seiten behalten sich\nausdr\u00fccklich rechtliche Schritte im Falle der unverlangten Zusendung\nvon Werbeinformationen, etwa durch Spam-E-Mails, vor. \n<\/p>\n\n\n\n<p><strong>3. Datenerfassung auf unserer\nWebsite<\/strong><\/p>\n\n\n\n<p><strong>Kontaktformular<\/strong><\/p>\n\n\n\n<p>Wenn Sie uns per Kontaktformular\nAnfragen zukommen lassen, werden Ihre Angaben aus dem Anfrageformular\ninklusive der von Ihnen dort angegebenen Kontaktdaten zwecks\nBearbeitung der Anfrage und f\u00fcr den Fall von Anschlussfragen bei uns\ngespeichert. Diese Daten geben wir nicht ohne Ihre Einwilligung\nweiter.<\/p>\n\n\n\n<p>Die Verarbeitung der in das\nKontaktformular eingegebenen Daten erfolgt somit ausschlie\u00dflich auf\nGrundlage Ihrer Einwilligung (Art. 6 Abs. 1 lit. a DSGVO). Sie k\u00f6nnen\ndiese Einwilligung jederzeit widerrufen. Dazu reicht eine formlose\nMitteilung per E-Mail an uns. Die Rechtm\u00e4\u00dfigkeit der bis zum\nWiderruf erfolgten Datenverarbeitungsvorg\u00e4nge bleibt vom Widerruf\nunber\u00fchrt.<\/p>\n\n\n\n<p>Die von Ihnen im Kontaktformular\neingegebenen Daten verbleiben bei uns, bis Sie uns zur L\u00f6schung\nauffordern, Ihre Einwilligung zur Speicherung widerrufen oder der\nZweck f\u00fcr die Datenspeicherung entf\u00e4llt (z. B. nach abgeschlossener\nBearbeitung Ihrer Anfrage). Zwingende gesetzliche Bestimmungen \u2013\ninsbesondere Aufbewahrungsfristen \u2013 bleiben unber\u00fchrt.<\/p>\n\n\n\n<p><strong>Anfrage per E-Mail, Telefon oder\nTelefax<\/strong><\/p>\n\n\n\n<p>Wenn Sie uns per E-Mail, Telefon oder\nTelefax kontaktieren, wird Ihre Anfrage inklusive aller daraus\nhervorgehenden personenbezogenen Daten (Name, Anfrage) zum Zwecke der\nBearbeitung Ihres Anliegens bei uns gespeichert und verarbeitet.\nDiese Daten geben wir nicht ohne Ihre Einwilligung weiter.<\/p>\n\n\n\n<p>Die Verarbeitung dieser Daten erfolgt\nauf Grundlage von Art. 6 Abs. 1 lit. b DSGVO, sofern Ihre Anfrage mit\nder Erf\u00fcllung eines Vertrags zusammenh\u00e4ngt oder zur Durchf\u00fchrung\nvorvertraglicher Ma\u00dfnahmen erforderlich ist. In allen \u00fcbrigen\nF\u00e4llen beruht die Verarbeitung auf Ihrer Einwilligung (Art. 6 Abs. 1\nlit. a DSGVO) und\/oder auf unseren berechtigten Interessen (Art. 6\nAbs. 1 lit. f DSGVO), da wir ein berechtigtes Interesse an der\neffektiven Bearbeitung der an uns gerichteten Anfragen haben.<\/p>\n\n\n\n<p>Die von Ihnen an uns per\nKontaktanfragen \u00fcbersandten Daten verbleiben bei uns, bis Sie uns\nzur L\u00f6schung auffordern, Ihre Einwilligung zur Speicherung\nwiderrufen oder der Zweck f\u00fcr die Datenspeicherung entf\u00e4llt (z. B.\nnach abgeschlossener Bearbeitung Ihres Anliegens). Zwingende\ngesetzliche Bestimmungen \u2013 insbesondere gesetzliche\nAufbewahrungsfristen \u2013 bleiben unber\u00fchrt. \n<\/p>\n\n\n\n<p><strong>4. Soziale Medien<\/strong><\/p>\n\n\n\n<p><strong>Social-Media-Plugins mit Shariff<\/strong><\/p>\n\n\n\n<p>Auf unseren Seiten werden Plugins von\nsozialen Medien verwendet (z. B. Facebook, Twitter, Google+,\nInstagram, Pinterest, XING, LinkedIn, Tumblr).<\/p>\n\n\n\n<p>Die Plugins k\u00f6nnen Sie in der Regel\nanhand der jeweiligen Social-Media-Logos erkennen. Um den Datenschutz\nauf unserer Website zu gew\u00e4hrleisten, verwenden wir diese Plugins\nnur zusammen mit der sogenannten \u201eShariff\u201c-L\u00f6sung. Diese\nAnwendung verhindert, dass die auf unserer Website integrierten\nPlugins Daten schon beim ersten Betreten der Seite an den jeweiligen\nAnbieter \u00fcbertragen.<\/p>\n\n\n\n<p>Erst wenn Sie das jeweilige Plugin\ndurch Anklicken der zugeh\u00f6rigen Schaltfl\u00e4che aktivieren, wird eine\ndirekte Verbindung zum Server des Anbieters hergestellt\n(Einwilligung). Sobald Sie das Plugin aktivieren,erh\u00e4lt der\njeweilige Anbieter die Information, dass Sie mit Ihrer IP-Adresse\nunsere Seite besucht haben. Wenn Sie gleichzeitig in Ihrem jeweiligen\nSocial-Media-Account (z. B. Facebook) eingeloggt sind, kann der\njeweilige Anbieter den Besuch unserer Seiten Ihrem Benutzerkonto\nzuordnen.<\/p>\n\n\n\n<p>Das Aktivieren des Plugins stellt eine\nEinwilligung im Sinne des Art. 6 Abs. 1 lit. a DSGVO dar. Diese\nEinwilligung k\u00f6nnen Sie jederzeit mit Wirkung f\u00fcr die Zukunft\nwiderrufen.<\/p>\n\n\n\n<p><strong>Facebook Plugins (Like &amp;\nShare-Button)<\/strong><\/p>\n\n\n\n<p>Auf unseren Seiten sind Plugins des\nsozialen Netzwerks Facebook, Anbieter Facebook Inc., 1 Hacker Way,\nMenlo Park, California 94025, USA, integriert. Die Facebook Plugins\nerkennen Sie an dem Facebook-Logo oder dem \u201eLike-Button\u201c\n(\u201eGef\u00e4llt mir\u201c) auf unserer Seite. Eine \u00dcbersicht \u00fcber die\nFacebook Plugins finden Sie hier: \n<\/p>\n\n\n\n<figure class=\"wp-block-embed\"><div class=\"wp-block-embed__wrapper\">\nhttps:\/\/developers.facebook.com\/docs\/plugins\/?locale=de_DE.\n<\/div><\/figure>\n\n\n\n<p>Wenn Sie unsere Seiten besuchen, wird\n\u00fcber das Plugin eine direkte Verbindung zwischen Ihrem Browser und\ndem Facebook-Server hergestellt. Facebook erh\u00e4lt dadurch die\nInformation, dass Sie mit Ihrer IPAdresse unsere Seite besucht haben.\nWenn Sie den Facebook \u201eLike-Button\u201c anklicken w\u00e4hrend Sie in\nIhrem Facebook-Account eingeloggt sind, k\u00f6nnen Sie die Inhalte\nunserer Seiten auf Ihrem Facebook-Profil verlinken. Dadurch kann\nFacebook den Besuch unserer Seiten Ihrem Benutzerkonto zuordnen. Wir\nweisen darauf hin, dass wir als Anbieter der Seiten keine Kenntnis\nvom Inhalt der \u00fcbermittelten Daten sowie deren Nutzung durch\nFacebook erhalten. Weitere Informationen hierzu finden Sie in der\nDatenschutzerkl\u00e4rung von Facebook unter: \n<\/p>\n\n\n\n<figure class=\"wp-block-embed\"><div class=\"wp-block-embed__wrapper\">\nhttps:\/\/de-de.facebook.com\/privacy\/explanation.\n<\/div><\/figure>\n\n\n\n<p>Wenn Sie nicht w\u00fcnschen, dass Facebook\nden Besuch unserer Seiten Ihrem Facebook-Nutzerkonto zuordnen kann,\nloggen Sie sich bitte aus Ihrem Facebook-Benutzerkonto aus.<\/p>\n\n\n\n<p>Die Verwendung der Facebook Plugins\nerfolgt auf Grundlage von Art. 6 Abs. 1 lit. f DSGVO. Der\nWebsitebetreiber hat ein berechtigtes Interesse an einer m\u00f6glichst\numfangreichen Sichtbarkeit in den Sozialen Medien.<\/p>\n\n\n\n<p><strong>Twitter Plugin<\/strong><\/p>\n\n\n\n<p>Auf unseren Seiten sind Funktionen des\nDienstes Twitter eingebunden. Diese Funktionen werden angeboten durch\ndie Twitter Inc., 1355 Market Street, Suite 900, San Francisco, CA\n94103, USA. Durch das Benutzen von Twitter und der Funktion\n\u201eRe-Tweet\u201c werden die von Ihnen besuchten Websites mit Ihrem\nTwitter-Account verkn\u00fcpft und anderen Nutzern bekannt gegeben. Dabei\nwerden auch Daten an Twitter \u00fcbertragen. Wir weisen darauf hin, dass\nwir als Anbieter der Seiten keine Kenntnis vom Inhalt der\n\u00fcbermittelten Daten sowie deren Nutzung durch Twitter erhalten.\nWeitere Informationen hierzu finden Sie in der Datenschutzerkl\u00e4rung\nvon Twitter unter: <a href=\"https:\/\/twitter.com\/de\/privacy\">https:\/\/twitter.com\/de\/privacy<\/a>.<\/p>\n\n\n\n<p>Die Verwendung des Twitter-Plugins\nerfolgt auf Grundlage von Art. 6 Abs. 1 lit. f DSGVO. Der\nWebsitebetreiber hat ein berechtigtes Interesse an einer m\u00f6glichst\numfangreichen Sichtbarkeit in den Sozialen Medien.<\/p>\n\n\n\n<p>Ihre Datenschutzeinstellungen bei\nTwitter k\u00f6nnen Sie in den Konto-Einstellungen unter\nhttps:\/\/twitter.com\/account\/settings \u00e4ndern.<\/p>\n\n\n\n<p><strong>Google+ Plugin<\/strong><\/p>\n\n\n\n<p>Anbieter ist die Google Ireland Limited\n(\u201eGoogle\u201c), Gordon House, Barrow Street, Dublin 4, Irland.<\/p>\n\n\n\n<p>Erfassung und Weitergabe von\nInformationen: Mithilfe der Google+-Schaltfl\u00e4che k\u00f6nnen Sie\nInformationen weltweit ver\u00f6ffentlichen. \u00dcber die\nGoogle+-Schaltfl\u00e4che erhalten Sie und andere Nutzer personalisierte\nInhalte von Google und unseren Partnern. Google speichert sowohl die\nInformation, dass Sie f\u00fcr einen Inhalt +1 gegeben haben, als auch\nInformationen \u00fcber die Seite, die Sie beim Klicken auf +1 angesehen\nhaben. Ihre +1 k\u00f6nnen als Hinweise zusammen mit Ihrem Profilnamen\nund Ihrem Foto in Google-Diensten, wie etwa in Suchergebnissen oder\nin Ihrem Google-Profil, oder an anderen Stellen auf Websites und\nAnzeigen im Internet eingeblendet werden.<\/p>\n\n\n\n<p>Google zeichnet Informationen \u00fcber\nIhre +1-Aktivit\u00e4ten auf, um die Google-Dienste f\u00fcr Sie und andere\nzu verbessern. Um die Google+-Schaltfl\u00e4che verwenden zu k\u00f6nnen,\nben\u00f6tigen Sie ein weltweit sichtbares, \u00f6ffentliches Google-Profil,\ndas zumindest den f\u00fcr das Profil gew\u00e4hlten Namen enthalten muss.\nDieser Name wird in allen Google-Diensten verwendet. In manchen\nF\u00e4llen kann dieser Name auch einen anderen Namen ersetzen, den Sie\nbeim Teilen von Inhalten \u00fcber Ihr Google-Konto verwendet haben. Die\nIdentit\u00e4t Ihres Google-Profils kann Nutzern angezeigt werden, die\nIhre E-Mail-Adresse kennen oder \u00fcber andere identifizierende\nInformationen von Ihnen verf\u00fcgen.<\/p>\n\n\n\n<p>Verwendung der erfassten Informationen:\nNeben den oben erl\u00e4uterten Verwendungszwecken werden die von Ihnen\nbereitgestellten Informationen gem\u00e4\u00df den geltenden\nGoogle-Datenschutzbestimmungen genutzt. Google ver\u00f6ffentlicht\nm\u00f6glicherweise zusammengefasste Statistiken \u00fcber die +1-Aktivit\u00e4ten\nder Nutzer bzw. gibt diese an Nutzer und Partner weiter, wie etwa\nPublisher, Inserenten oder verbundene Websites.<\/p>\n\n\n\n<p>Die Verwendung des Google+-Plugins\nerfolgt auf Grundlage von Art. 6 Abs. 1 lit. f DSGVO. Der\nWebsitebetreiber hat ein berechtigtes Interesse an einer m\u00f6glichst\numfangreichen Sichtbarkeit in den Sozialen Medien.<\/p>\n\n\n\n<p><strong>Instagram Plugin<\/strong><\/p>\n\n\n\n<p>Auf unseren Seiten sind Funktionen des\nDienstes Instagram eingebunden. Diese Funktionen werden angeboten\ndurch die Instagram Inc., 1601 Willow Road, Menlo Park, CA 94025, USA\nintegriert.<\/p>\n\n\n\n<p>Wenn Sie in Ihrem Instagram-Account\neingeloggt sind, k\u00f6nnen Sie durch Anklicken des Instagram-Buttons\ndie Inhalte unserer Seiten mit Ihrem Instagram-Profil verlinken.\nDadurch kann Instagram den Besuch unserer Seiten Ihrem Benutzerkonto\nzuordnen. Wir weisen darauf hin, dass wir als Anbieter der Seiten\nkeine Kenntnis vom Inhalt der \u00fcbermittelten Daten sowie deren\nNutzung durch Instagram erhalten.<\/p>\n\n\n\n<p>Die Verwendung des Instagram-Plugins\nerfolgt auf Grundlage von Art. 6 Abs. 1 lit. f DSGVO. Der\nWebsitebetreiber hat ein berechtigtes Interesse an einer m\u00f6glichst\numfangreichen Sichtbarkeit in den Sozialen Medien.<\/p>\n\n\n\n<p>Weitere Informationen hierzu finden Sie\nin der Datenschutzerkl\u00e4rung von Instagram:\n<a href=\"https:\/\/instagram.com\/about\/legal\/privacy\/\">https:\/\/instagram.com\/about\/legal\/privacy\/<\/a>.<\/p>\n\n\n\n<p><strong>Pinterest Plugin<\/strong><\/p>\n\n\n\n<p>Auf unserer Seite verwenden wir Social\nPlugins des sozialen Netzwerkes Pinterest, das von der Pinterest\nInc., 808 Brannan Street, San Francisco, CA 94103-490, USA\n(\u201ePinterest\u201c) betrieben wird.<\/p>\n\n\n\n<p>Wenn Sie eine Seite aufrufen, die ein\nsolches Plugin enth\u00e4lt, stellt Ihr Browser eine direkte Verbindung\nzu den Servern von Pinterest her. Das Plugin \u00fcbermittelt dabei\nProtokolldaten an den Server von Pinterest in die USA. Diese\nProtokolldaten enthalten m\u00f6glicherweise Ihre IP-Adresse, die Adresse\nder besuchten Websites, die ebenfalls Pinterest-Funktionen enthalten,\nArt und Einstellungen des Browsers, Datum und Zeitpunkt der Anfrage,\nIhre Verwendungsweise von Pinterest sowie Cookies.<\/p>\n\n\n\n<p>Die Verwendung des Pinterest-Plugins\nerfolgt auf Grundlage von Art. 6 Abs. 1 lit. f DSGVO. Der<\/p>\n\n\n\n<p> Websitebetreiber hat ein berechtigtes\nInteresse an einer m\u00f6glichst umfangreichen Sichtbarkeit in den\nSozialen Medien.<\/p>\n\n\n\n<p>Weitere Informationen zu Zweck, Umfang\nund weiterer Verarbeitung und Nutzung der Daten durch Pinterest sowie\nIhre diesbez\u00fcglichen Rechte und M\u00f6glichkeiten zum Schutz Ihrer\nPrivatsph\u00e4re finden Sie in den Datenschutzhinweisen von Pinterest: \n<\/p>\n\n\n\n<figure class=\"wp-block-embed\"><div class=\"wp-block-embed__wrapper\">\nhttps:\/\/policy.pinterest.com\/de\/privacy-policy.\n<\/div><\/figure>\n\n\n\n<p><strong>5. Plugins und Tools<\/strong><\/p>\n\n\n\n<p><strong>Google Web Fonts<\/strong><\/p>\n\n\n\n<p>Diese Seite nutzt zur einheitlichen\nDarstellung von Schriftarten so genannte Web Fonts, die von Google\nbereitgestellt werden. Beim Aufruf einer Seite l\u00e4dt Ihr Browser die\nben\u00f6tigten Web Fonts in ihren Browsercache, um Texte und\nSchriftarten korrekt anzuzeigen.<\/p>\n\n\n\n<p>Zu diesem Zweck muss der von Ihnen\nverwendete Browser Verbindung zu den Servern von Google aufnehmen.\nHierdurch erlangt Google Kenntnis dar\u00fcber, dass \u00fcber Ihre\nIP-Adresse unsere Website aufgerufen wurde. Die Nutzung von Google\nWeb Fonts erfolgt im Interesse einer einheitlichen und ansprechenden\nDarstellung unserer Online-Angebote. Dies stellt ein berechtigtes\nInteresse im Sinne von Art. 6 Abs. 1 lit. f DSGVO dar.<\/p>\n\n\n\n<p>Wenn Ihr Browser Web Fonts nicht\nunterst\u00fctzt, wird eine Standardschrift von Ihrem Computer genutzt.<\/p>\n\n\n\n<p>Weitere Informationen zu Google Web\nFonts finden Sie unter https:\/\/developers.google.com\/fonts\/faq und in\nder Datenschutzerkl\u00e4rung von Google:\n<a href=\"https:\/\/policies.google.com\/privacy?hl=de\">https:\/\/policies.google.com\/privacy?hl=de<\/a>.<\/p>\n\n\n\n<p>Quelle: \n<\/p>\n\n\n\n<p>eRecht24<\/p>\n","protected":false},"excerpt":{"rendered":"<p>Datenschutzerkl\u00e4rung 1. Datenschutz auf einen Blick Allgemeine Hinweise Die folgenden Hinweise geben einen einfachen \u00dcberblick dar\u00fcber, was mit Ihren personenbezogenen Daten passiert, wenn Sie unsere Website besuchen. Personenbezogene Daten sind alle Daten, mit denen Sie pers\u00f6nlich identifiziert werden k\u00f6nnen. Ausf\u00fchrliche Informationen zum Thema Datenschutz entnehmen Sie unserer unter diesem Text aufgef\u00fchrten Datenschutzerkl\u00e4rung. Datenerfassung auf unserer [&hellip;]<\/p>\n","protected":false},"author":1,"featured_media":0,"parent":0,"menu_order":0,"comment_status":"closed","ping_status":"closed","template":"","meta":{"ngg_post_thumbnail":0},"aioseo_notices":[],"_links":{"self":[{"href":"https:\/\/nicola-vongerichten.de\/index.php?rest_route=\/wp\/v2\/pages\/341"}],"collection":[{"href":"https:\/\/nicola-vongerichten.de\/index.php?rest_route=\/wp\/v2\/pages"}],"about":[{"href":"https:\/\/nicola-vongerichten.de\/index.php?rest_route=\/wp\/v2\/types\/page"}],"author":[{"embeddable":true,"href":"https:\/\/nicola-vongerichten.de\/index.php?rest_route=\/wp\/v2\/users\/1"}],"replies":[{"embeddable":true,"href":"https:\/\/nicola-vongerichten.de\/index.php?rest_route=%2Fwp%2Fv2%2Fcomments&post=341"}],"version-history":[{"count":4,"href":"https:\/\/nicola-vongerichten.de\/index.php?rest_route=\/wp\/v2\/pages\/341\/revisions"}],"predecessor-version":[{"id":345,"href":"https:\/\/nicola-vongerichten.de\/index.php?rest_route=\/wp\/v2\/pages\/341\/revisions\/345"}],"wp:attachment":[{"href":"https:\/\/nicola-vongerichten.de\/index.php?rest_route=%2Fwp%2Fv2%2Fmedia&parent=341"}],"curies":[{"name":"wp","href":"https:\/\/api.w.org\/{rel}","templated":true}]}}