{"id":376,"date":"2019-03-17T23:11:32","date_gmt":"2019-03-17T23:11:32","guid":{"rendered":"http:\/\/nicola-vongerichten.de\/?page_id=376"},"modified":"2022-11-01T23:26:26","modified_gmt":"2022-11-01T23:26:26","slug":"elementor-376","status":"publish","type":"page","link":"https:\/\/nicola-vongerichten.de\/","title":{"rendered":""},"content":{"rendered":"\t\t<div data-elementor-type=\"wp-post\" data-elementor-id=\"376\" class=\"elementor elementor-376\">\n\t\t\t\t\t\t<div class=\"elementor-inner\">\n\t\t\t\t<div class=\"elementor-section-wrap\">\n\t\t\t\t\t\t\t\t\t<section class=\"elementor-section elementor-top-section elementor-element elementor-element-5258422 elementor-section-boxed elementor-section-height-default elementor-section-height-default\" data-id=\"5258422\" data-element_type=\"section\">\n\t\t\t\t\t\t<div class=\"elementor-container elementor-column-gap-default\">\n\t\t\t\t\t\t\t<div class=\"elementor-row\">\n\t\t\t\t\t<div class=\"elementor-column elementor-col-100 elementor-top-column elementor-element elementor-element-36f893a\" data-id=\"36f893a\" data-element_type=\"column\">\n\t\t\t<div class=\"elementor-column-wrap elementor-element-populated\">\n\t\t\t\t\t\t\t<div class=\"elementor-widget-wrap\">\n\t\t\t\t\t\t<div class=\"elementor-element elementor-element-332dcb4 elementor-arrows-position-inside elementor-pagination-position-outside elementor-widget elementor-widget-image-carousel\" data-id=\"332dcb4\" data-element_type=\"widget\" data-settings=\"{&quot;slides_to_show&quot;:&quot;1&quot;,&quot;navigation&quot;:&quot;both&quot;,&quot;autoplay&quot;:&quot;yes&quot;,&quot;pause_on_hover&quot;:&quot;yes&quot;,&quot;pause_on_interaction&quot;:&quot;yes&quot;,&quot;autoplay_speed&quot;:5000,&quot;infinite&quot;:&quot;yes&quot;,&quot;effect&quot;:&quot;slide&quot;,&quot;speed&quot;:500}\" data-widget_type=\"image-carousel.default\">\n\t\t\t\t<div class=\"elementor-widget-container\">\n\t\t\t\t\t<div class=\"elementor-image-carousel-wrapper swiper-container\" dir=\"ltr\">\n\t\t\t<div class=\"elementor-image-carousel swiper-wrapper\">\n\t\t\t\t\t\t\t\t<div class=\"swiper-slide\"><figure class=\"swiper-slide-inner\"><img class=\"swiper-slide-image\" src=\"https:\/\/nicola-vongerichten.de\/wp-content\/uploads\/2022\/11\/IMG_5659NicolaVongerichtenPhotographyBabybauchshootingSUeW-768x512.jpg\" alt=\"IMG_5659NicolaVongerichtenPhotographyBabybauchshootingSUeW\" \/><\/figure><\/div><div class=\"swiper-slide\"><figure class=\"swiper-slide-inner\"><img class=\"swiper-slide-image\" src=\"https:\/\/nicola-vongerichten.de\/wp-content\/uploads\/2022\/11\/IMG_1836bVinstaNicolaVongerichtenPhotographyBabybauchPaarshooting-768x512.jpg\" alt=\"IMG_1836bVinstaNicolaVongerichtenPhotographyBabybauchPaarshooting\" \/><\/figure><\/div><div class=\"swiper-slide\"><figure class=\"swiper-slide-inner\"><img class=\"swiper-slide-image\" src=\"https:\/\/nicola-vongerichten.de\/wp-content\/uploads\/2022\/11\/IMG_1829bVinstaNicolaVongerichtenPhotographyBabybauchPaarshooting-768x512.jpg\" alt=\"IMG_1829bVinstaNicolaVongerichtenPhotographyBabybauchPaarshooting\" \/><\/figure><\/div><div class=\"swiper-slide\"><figure class=\"swiper-slide-inner\"><img class=\"swiper-slide-image\" src=\"https:\/\/nicola-vongerichten.de\/wp-content\/uploads\/2022\/11\/IMG_1791bVinstaBabybauch-768x512.jpg\" alt=\"IMG_1791bVinstaBabybauch\" \/><\/figure><\/div><div class=\"swiper-slide\"><figure class=\"swiper-slide-inner\"><img class=\"swiper-slide-image\" src=\"https:\/\/nicola-vongerichten.de\/wp-content\/uploads\/2022\/10\/IMG_4162bVNicolaVongerichtenPhotographyBabybauchshooting-768x512.jpg\" alt=\"Babybauchshooting\" \/><\/figure><\/div><div class=\"swiper-slide\"><figure class=\"swiper-slide-inner\"><img class=\"swiper-slide-image\" src=\"https:\/\/nicola-vongerichten.de\/wp-content\/uploads\/2022\/11\/IMG_4198bVNicolaVongerichtenPhotographyBabybauchshooting-768x512.jpg\" alt=\"Babybauchshooting\" \/><\/figure><\/div><div class=\"swiper-slide\"><figure class=\"swiper-slide-inner\"><img class=\"swiper-slide-image\" src=\"https:\/\/nicola-vongerichten.de\/wp-content\/uploads\/2022\/11\/IMG_4194bVNicolaVongerichtenPhotographyBabybauchshooting-768x512.jpg\" alt=\"Babybauchshooting\" \/><\/figure><\/div><div class=\"swiper-slide\"><figure class=\"swiper-slide-inner\"><img class=\"swiper-slide-image\" src=\"https:\/\/nicola-vongerichten.de\/wp-content\/uploads\/2022\/11\/IMG_4226bVNicolaVongerichtenPhotographyBabybauchshooting-768x512.jpg\" alt=\"Babybauchshooting\" \/><\/figure><\/div><div class=\"swiper-slide\"><figure class=\"swiper-slide-inner\"><img class=\"swiper-slide-image\" src=\"https:\/\/nicola-vongerichten.de\/wp-content\/uploads\/2022\/11\/IMG_4594bV-768x512.jpg\" alt=\"IMG_4594bV\" \/><\/figure><\/div>\t\t\t<\/div>\n\t\t\t\t\t\t\t\t\t\t\t\t<div class=\"swiper-pagination\"><\/div>\n\t\t\t\t\t\t\t\t\t\t\t\t\t<div class=\"elementor-swiper-button elementor-swiper-button-prev\">\n\t\t\t\t\t\t<i aria-hidden=\"true\" class=\"eicon-chevron-left\"><\/i>\t\t\t\t\t\t<span class=\"elementor-screen-only\">Zur\u00fcck<\/span>\n\t\t\t\t\t<\/div>\n\t\t\t\t\t<div class=\"elementor-swiper-button elementor-swiper-button-next\">\n\t\t\t\t\t\t<i aria-hidden=\"true\" class=\"eicon-chevron-right\"><\/i>\t\t\t\t\t\t<span class=\"elementor-screen-only\">Weiter<\/span>\n\t\t\t\t\t<\/div>\n\t\t\t\t\t\t\t\t\t<\/div>\n\t\t\t\t<\/div>\n\t\t\t\t<\/div>\n\t\t\t\t\t\t<\/div>\n\t\t\t\t\t<\/div>\n\t\t<\/div>\n\t\t\t\t\t\t\t\t<\/div>\n\t\t\t\t\t<\/div>\n\t\t<\/section>\n\t\t\t\t<section class=\"elementor-section elementor-top-section elementor-element elementor-element-54caf20 elementor-section-boxed elementor-section-height-default elementor-section-height-default\" data-id=\"54caf20\" data-element_type=\"section\">\n\t\t\t\t\t\t<div class=\"elementor-container elementor-column-gap-default\">\n\t\t\t\t\t\t\t<div class=\"elementor-row\">\n\t\t\t\t\t<div class=\"elementor-column elementor-col-100 elementor-top-column elementor-element elementor-element-d026364\" data-id=\"d026364\" data-element_type=\"column\">\n\t\t\t<div class=\"elementor-column-wrap elementor-element-populated\">\n\t\t\t\t\t\t\t<div class=\"elementor-widget-wrap\">\n\t\t\t\t\t\t<div class=\"elementor-element elementor-element-794f52b elementor-widget elementor-widget-heading\" data-id=\"794f52b\" data-element_type=\"widget\" data-widget_type=\"heading.default\">\n\t\t\t\t<div class=\"elementor-widget-container\">\n\t\t\t<h2 class=\"elementor-heading-title elementor-size-default\">Hallo und herzlich Willkommen!<\/h2>\t\t<\/div>\n\t\t\t\t<\/div>\n\t\t\t\t\t\t<\/div>\n\t\t\t\t\t<\/div>\n\t\t<\/div>\n\t\t\t\t\t\t\t\t<\/div>\n\t\t\t\t\t<\/div>\n\t\t<\/section>\n\t\t\t\t<section class=\"elementor-section elementor-top-section elementor-element elementor-element-a58842e elementor-section-boxed elementor-section-height-default elementor-section-height-default\" data-id=\"a58842e\" data-element_type=\"section\">\n\t\t\t\t\t\t<div class=\"elementor-container elementor-column-gap-default\">\n\t\t\t\t\t\t\t<div class=\"elementor-row\">\n\t\t\t\t\t<div class=\"elementor-column elementor-col-100 elementor-top-column elementor-element elementor-element-c0607cb\" data-id=\"c0607cb\" data-element_type=\"column\">\n\t\t\t<div class=\"elementor-column-wrap elementor-element-populated\">\n\t\t\t\t\t\t\t<div class=\"elementor-widget-wrap\">\n\t\t\t\t\t\t<div class=\"elementor-element elementor-element-a613e42 elementor-widget elementor-widget-text-editor\" data-id=\"a613e42\" data-element_type=\"widget\" data-widget_type=\"text-editor.default\">\n\t\t\t\t<div class=\"elementor-widget-container\">\n\t\t\t\t\t\t\t\t<div class=\"elementor-text-editor elementor-clearfix\">\n\t\t\t\t<p>Sch\u00f6n, dass Du meine Seite besuchst und Dich f\u00fcr mich und meine Fotografie interessierst.<\/p><p>Ich bin Nicola Vongerichten und wohne in der wundersch\u00f6nen S\u00fcdpfalz, in Offenbach bei Landau. Die Fotografie ist eigentlich schon immer ein fester Bestandteil von meinem Leben, meine gro\u00dfe Leidenschaft und vor ein paar Jahren konnte ich diese zu meinem Beruf machen.<\/p><p>Du hast Fragen oder m\u00f6chtest ein Shooting bei mir buchen? Schicke mir eine Nachricht!<\/p><p>&#8222;Ohne Fotografie ist der Moment f\u00fcr immer verloren, so als ob es ihn nie gegeben h\u00e4tte.&#8220; <em>(Richard Avedon)<\/em><\/p>\t\t\t\t\t<\/div>\n\t\t\t\t\t\t<\/div>\n\t\t\t\t<\/div>\n\t\t\t\t\t\t<\/div>\n\t\t\t\t\t<\/div>\n\t\t<\/div>\n\t\t\t\t\t\t\t\t<\/div>\n\t\t\t\t\t<\/div>\n\t\t<\/section>\n\t\t\t\t<section class=\"elementor-section elementor-top-section elementor-element elementor-element-25cc5a4 elementor-section-boxed elementor-section-height-default elementor-section-height-default\" data-id=\"25cc5a4\" data-element_type=\"section\">\n\t\t\t\t\t\t<div class=\"elementor-container elementor-column-gap-default\">\n\t\t\t\t\t\t\t<div class=\"elementor-row\">\n\t\t\t\t\t<div class=\"elementor-column elementor-col-100 elementor-top-column elementor-element elementor-element-60f9c68\" data-id=\"60f9c68\" data-element_type=\"column\">\n\t\t\t<div class=\"elementor-column-wrap elementor-element-populated\">\n\t\t\t\t\t\t\t<div class=\"elementor-widget-wrap\">\n\t\t\t\t\t\t<div class=\"elementor-element elementor-element-5a4743a elementor-widget elementor-widget-image\" data-id=\"5a4743a\" data-element_type=\"widget\" data-widget_type=\"image.default\">\n\t\t\t\t<div class=\"elementor-widget-container\">\n\t\t\t\t\t\t\t\t<div class=\"elementor-image\">\n\t\t\t\t\t\t\t\t\t\t\t\t<img width=\"1536\" height=\"1536\" src=\"https:\/\/nicola-vongerichten.de\/wp-content\/uploads\/2021\/01\/IMG_2411NVPhoto-1536x1536.jpg\" class=\"attachment-1536x1536 size-1536x1536\" alt=\"\" loading=\"lazy\" srcset=\"https:\/\/nicola-vongerichten.de\/wp-content\/uploads\/2021\/01\/IMG_2411NVPhoto-1536x1536.jpg 1536w, https:\/\/nicola-vongerichten.de\/wp-content\/uploads\/2021\/01\/IMG_2411NVPhoto-300x300.jpg 300w, https:\/\/nicola-vongerichten.de\/wp-content\/uploads\/2021\/01\/IMG_2411NVPhoto-1024x1024.jpg 1024w, https:\/\/nicola-vongerichten.de\/wp-content\/uploads\/2021\/01\/IMG_2411NVPhoto-150x150.jpg 150w, https:\/\/nicola-vongerichten.de\/wp-content\/uploads\/2021\/01\/IMG_2411NVPhoto-768x768.jpg 768w, https:\/\/nicola-vongerichten.de\/wp-content\/uploads\/2021\/01\/IMG_2411NVPhoto.jpg 2048w, https:\/\/nicola-vongerichten.de\/wp-content\/uploads\/2021\/01\/IMG_2411NVPhoto-100x100.jpg 100w, https:\/\/nicola-vongerichten.de\/wp-content\/uploads\/2021\/01\/IMG_2411NVPhoto-200x200.jpg 200w\" sizes=\"(max-width: 1536px) 100vw, 1536px\" \/>\t\t\t\t\t\t\t\t\t\t\t\t\t\t<\/div>\n\t\t\t\t\t\t<\/div>\n\t\t\t\t<\/div>\n\t\t\t\t\t\t<\/div>\n\t\t\t\t\t<\/div>\n\t\t<\/div>\n\t\t\t\t\t\t\t\t<\/div>\n\t\t\t\t\t<\/div>\n\t\t<\/section>\n\t\t\t\t\t\t\t\t\t<\/div>\n\t\t\t<\/div>\n\t\t\t\t\t<\/div>\n\t\t","protected":false},"excerpt":{"rendered":"<p>Zur\u00fcck Weiter Hallo und herzlich Willkommen! Sch\u00f6n, dass Du meine Seite besuchst und Dich f\u00fcr mich und meine Fotografie interessierst. Ich bin Nicola Vongerichten und wohne in der wundersch\u00f6nen S\u00fcdpfalz, in Offenbach bei Landau. Die Fotografie ist eigentlich schon immer ein fester Bestandteil von meinem Leben, meine gro\u00dfe Leidenschaft und vor ein paar Jahren konnte [&hellip;]<\/p>\n","protected":false},"author":1,"featured_media":0,"parent":0,"menu_order":0,"comment_status":"closed","ping_status":"closed","template":"","meta":{"ngg_post_thumbnail":0},"aioseo_notices":[],"_links":{"self":[{"href":"https:\/\/nicola-vongerichten.de\/index.php?rest_route=\/wp\/v2\/pages\/376"}],"collection":[{"href":"https:\/\/nicola-vongerichten.de\/index.php?rest_route=\/wp\/v2\/pages"}],"about":[{"href":"https:\/\/nicola-vongerichten.de\/index.php?rest_route=\/wp\/v2\/types\/page"}],"author":[{"embeddable":true,"href":"https:\/\/nicola-vongerichten.de\/index.php?rest_route=\/wp\/v2\/users\/1"}],"replies":[{"embeddable":true,"href":"https:\/\/nicola-vongerichten.de\/index.php?rest_route=%2Fwp%2Fv2%2Fcomments&post=376"}],"version-history":[{"count":37,"href":"https:\/\/nicola-vongerichten.de\/index.php?rest_route=\/wp\/v2\/pages\/376\/revisions"}],"predecessor-version":[{"id":537,"href":"https:\/\/nicola-vongerichten.de\/index.php?rest_route=\/wp\/v2\/pages\/376\/revisions\/537"}],"wp:attachment":[{"href":"https:\/\/nicola-vongerichten.de\/index.php?rest_route=%2Fwp%2Fv2%2Fmedia&parent=376"}],"curies":[{"name":"wp","href":"https:\/\/api.w.org\/{rel}","templated":true}]}}